{"id":326,"date":"2020-06-04T11:15:58","date_gmt":"2020-06-04T11:15:58","guid":{"rendered":"http:\/\/smaco-ws.com\/?page_id=326"},"modified":"2020-08-26T11:58:00","modified_gmt":"2020-08-26T11:58:00","slug":"documents","status":"publish","type":"page","link":"https:\/\/smaco-ws.com\/es\/documents\/","title":{"rendered":"DOCUMENTOS"},"content":{"rendered":"\n<p>El fuego escondido<br>Las v\u00edctimas de minas en el S\u00e1hara Occidental<\/p>\n\n\n\n<p><a href=\"http:\/\/publicaciones.hegoa.ehu.es\/uploads\/pdfs\/352\/fuego_escondido.pdf?1510918075\">http:\/\/publicaciones.hegoa.ehu.es\/uploads\/pdfs\/352\/fuego_escondido.pdf?1510918075<\/a><\/p>\n\n\n\n<p><\/p>\n\n\n\n<div class=\"wp-block-file\"><a href=\"https:\/\/smaco-ws.com\/es\/wp-content\/uploads\/2020\/08\/treatyspanish.pdf\">CONVENCI\u00d3N SOBRE LA PROHIBICI\u00d3N DEL EMPLEO,<br>ALMACENAMIENTO, PRODUCCI\u00d3N Y TRANSFERENCIA DE MINAS<br>ANTIPERSONAL Y SOBRE SU DESTRUCCI\u00d3N<\/a><a href=\"https:\/\/smaco-ws.com\/es\/wp-content\/uploads\/2020\/08\/treatyspanish.pdf\" class=\"wp-block-file__button\" download>Descarga<\/a><\/div>\n\n\n\n<p><\/p>\n\n\n\n<div class=\"wp-block-file\"><a href=\"https:\/\/smaco-ws.com\/es\/wp-content\/uploads\/2020\/08\/Convention-SPA.pdf\">CONFERENCIA DIPLOM\u00c1TICA PARA<br>LA ADOPCI\u00d3N DE UNA CONVENCI\u00d3N SOBRE MUNICIONES<br>EN RACIMO<\/a><a href=\"https:\/\/smaco-ws.com\/es\/wp-content\/uploads\/2020\/08\/Convention-SPA.pdf\" class=\"wp-block-file__button\" download>Descarga<\/a><\/div>\n","protected":false},"excerpt":{"rendered":"<p>El fuego escondidoLas v\u00edctimas de minas en el S\u00e1hara Occidental http:\/\/publicaciones.hegoa.ehu.es\/uploads\/pdfs\/352\/fuego_escondido.pdf?1510918075<\/p>\n","protected":false},"author":1,"featured_media":0,"parent":0,"menu_order":0,"comment_status":"closed","ping_status":"closed","template":"","meta":[],"_links":{"self":[{"href":"https:\/\/smaco-ws.com\/es\/wp-json\/wp\/v2\/pages\/326"}],"collection":[{"href":"https:\/\/smaco-ws.com\/es\/wp-json\/wp\/v2\/pages"}],"about":[{"href":"https:\/\/smaco-ws.com\/es\/wp-json\/wp\/v2\/types\/page"}],"author":[{"embeddable":true,"href":"https:\/\/smaco-ws.com\/es\/wp-json\/wp\/v2\/users\/1"}],"replies":[{"embeddable":true,"href":"https:\/\/smaco-ws.com\/es\/wp-json\/wp\/v2\/comments?post=326"}],"version-history":[{"count":5,"href":"https:\/\/smaco-ws.com\/es\/wp-json\/wp\/v2\/pages\/326\/revisions"}],"predecessor-version":[{"id":447,"href":"https:\/\/smaco-ws.com\/es\/wp-json\/wp\/v2\/pages\/326\/revisions\/447"}],"wp:attachment":[{"href":"https:\/\/smaco-ws.com\/es\/wp-json\/wp\/v2\/media?parent=326"}],"curies":[{"name":"wp","href":"https:\/\/api.w.org\/{rel}","templated":true}]}}