{"id":275,"date":"2020-06-04T08:17:34","date_gmt":"2020-06-04T08:17:34","guid":{"rendered":"http:\/\/smaco-ws.com\/?page_id=275"},"modified":"2020-08-31T12:25:06","modified_gmt":"2020-08-31T12:25:06","slug":"stockpile","status":"publish","type":"page","link":"https:\/\/smaco-ws.com\/es\/stockpile\/","title":{"rendered":"Destruccion de exisencias"},"content":{"rendered":"\n<p>El Frente Polisario se comprometi\u00f3 unilateralmente en noviembre de 2005 a prohibir por completo el uso de minas antipersonal,  y firmar el Compromiso del llamamiento de Ginebra, y avanzar en ocho etapas para destruir 20.493 minas antipersonal en su poder.<br>A pesar del estancamiento actual del proceso de paz y la amenaza de reanudaci\u00f3n de las hostilidades, la iniciativa en s\u00ed misma sigue siendo un s\u00edmbolo de la voluntad del Frente Polisario de participar activa y eficazmente en la erradicaci\u00f3n del flagelo de las minas a fin de establecer un clima de estabilidad y seguridad.<\/p>\n\n\n\n<p>En el Informe No. 7 presentado a los convenios internacionales pertinentes, la RASD afirm\u00f3 que nunca hab\u00eda producido ning\u00fan tipo de minas.<\/p>\n\n\n\n<p>\u00abLa destrucci\u00f3n del arsenal de minas terrestres es una clara muestra de la voluntad del Frente Polisario de colaborar en la limpieza de las minas terrestres que siembran el&nbsp;terror, en especial en la parte liberada del S\u00e1hara Occidental\u00bb, ha apuntado Ghali en una carta remitida a Guterres y recogida por la agencia de noticias saharaui SPS.<\/p>\n\n\n\n<p>Asimismo, Ghali ha expresado su esperanza de que la comunidad internacional ejerza presi\u00f3n suficiente sobre Marruecos para que firme la Convenci\u00f3n de Ottawa sobre la&nbsp;prohibici\u00f3n del uso y almacenamiento de minas antipersona y bombas de racimo.<\/p>\n\n\n\n<p><\/p>\n","protected":false},"excerpt":{"rendered":"<p>El Frente Polisario se comprometi\u00f3 unilateralmente en noviembre de 2005 a prohibir por completo el uso de minas antipersonal, y firmar el Compromiso del llamamiento de&hellip; <a href=\"https:\/\/smaco-ws.com\/es\/stockpile\/\">Read More\u00bb<\/a><\/p>\n","protected":false},"author":1,"featured_media":0,"parent":0,"menu_order":0,"comment_status":"closed","ping_status":"closed","template":"","meta":[],"_links":{"self":[{"href":"https:\/\/smaco-ws.com\/es\/wp-json\/wp\/v2\/pages\/275"}],"collection":[{"href":"https:\/\/smaco-ws.com\/es\/wp-json\/wp\/v2\/pages"}],"about":[{"href":"https:\/\/smaco-ws.com\/es\/wp-json\/wp\/v2\/types\/page"}],"author":[{"embeddable":true,"href":"https:\/\/smaco-ws.com\/es\/wp-json\/wp\/v2\/users\/1"}],"replies":[{"embeddable":true,"href":"https:\/\/smaco-ws.com\/es\/wp-json\/wp\/v2\/comments?post=275"}],"version-history":[{"count":3,"href":"https:\/\/smaco-ws.com\/es\/wp-json\/wp\/v2\/pages\/275\/revisions"}],"predecessor-version":[{"id":463,"href":"https:\/\/smaco-ws.com\/es\/wp-json\/wp\/v2\/pages\/275\/revisions\/463"}],"wp:attachment":[{"href":"https:\/\/smaco-ws.com\/es\/wp-json\/wp\/v2\/media?parent=275"}],"curies":[{"name":"wp","href":"https:\/\/api.w.org\/{rel}","templated":true}]}}